{"id":951,"date":"2018-08-06T11:51:23","date_gmt":"2018-08-06T09:51:23","guid":{"rendered":"https:\/\/jcs.jesuschristsuperstar.it\/?page_id=951"},"modified":"2018-08-06T11:51:23","modified_gmt":"2018-08-06T09:51:23","slug":"privacy-policy","status":"publish","type":"page","link":"https:\/\/jcs.jesuschristsuperstar.it\/en\/privacy-policy\/","title":{"rendered":"Privacy Policy"},"content":{"rendered":"<p>Privacy Policy di\u00a0<strong>Peep Arrow Entertainment S.r.l<br \/>\n<\/strong><strong>Titolare del Trattamento dei Dati<br \/>\n<\/strong><strong>Peep Arrow Entertainment S.r.l<\/strong> Piazzale Clodio, 13, 00195 Roma<br \/>\n<strong>Telefono<\/strong>: 06 39745568\u00a0 \u00a0<strong>Partita Iva<\/strong> :09125281007<br \/>\n<strong>Indirizzo email del Titolare:<\/strong>\u00a0peeparrow@pec.it<\/p>\n<p>&nbsp;<\/p>\n<p><strong>Tipologie di Dati raccolti<\/strong><\/p>\n<p>Fra i Dati Personali raccolti da questa Applicazione, in modo autonomo o tramite terze parti, ci sono: Cookie e Dati di utilizzo.<\/p>\n<p>Dettagli completi su ciascuna tipologia di dati raccolti sono forniti nelle sezioni dedicate di questa privacy policy o mediante specifici testi informativi visualizzati prima della raccolta dei dati stessi.<br \/>\nI Dati Personali possono essere liberamente forniti dall&#8217;interessato o, nel caso di Dati di Utilizzo, raccolti automaticamente durante l&#8217;uso di questa Applicazione.<br \/>\nSe non diversamente specificato, tutti i Dati richiesti da questa Applicazione sono obbligatori. Se l\u2019 interessato rifiuta di comunicarli, potrebbe essere impossibile per questa Applicazione fornire il Servizio. Nei casi in cui questa Applicazione indichi alcuni Dati come facoltatitivi, gli interessati sono liberi di astenersi dal comunicare tali Dati, senza che ci\u00f2 abbia alcuna conseguenza sulla disponibilit\u00e0 del Servizio o sulla sua operativit\u00e0.<br \/>\nGli interessati che dovessero avere dubbi su quali Dati siano obbligatori, sono incoraggiati a contattare Peep Arrow Entertainment S.r.l.<br \/>\nL\u2019eventuale utilizzo di Cookie &#8211; o di altri strumenti di tracciamento &#8211; da parte di questa Applicazione o dei titolari dei servizi terzi utilizzati da questa Applicazione, ove non diversamente precisato, ha la finalit\u00e0 di fornire il Servizio richiesto dall&#8217;interessato, oltre alle ulteriori finalit\u00e0 descritte nel presente documento e nella Cookie Policy, se disponibile.<\/p>\n<p><strong>Modalit\u00e0 e luogo del trattamento dei Dati raccolti<\/strong><\/p>\n<p><strong>Modalit\u00e0 di trattamento<\/strong><\/p>\n<p>Peep Arrow Entertainment S.r.l adotta le opportune misure di sicurezza volte ad impedire l\u2019accesso, la divulgazione, la modifica o la distruzione non autorizzate dei Dati Personali.<br \/>\nIl trattamento viene effettuato mediante strumenti informatici e\/o telematici, con modalit\u00e0 organizzative e con logiche strettamente correlate alle finalit\u00e0 indicate. Oltre a Peep Arrow Entertainment S.r.l, in alcuni casi, potrebbero avere accesso ai Dati altri soggetti coinvolti nell\u2019organizzazione di questa Applicazione (personale amministrativo, commerciale, marketing, legali, amministratori di sistema) ovvero soggetti esterni (come fornitori di servizi tecnici terzi, corrieri postali, hosting provider, societ\u00e0 informatiche, agenzie di comunicazione) nominati anche, se necessario, Responsabili Esterni del Trattamento da parte di Peep Arrow Entertainment S.r.l. L\u2019elenco aggiornato dei Responsabili potr\u00e0 sempre essere richiesto a Peep Arrow Entertainment S.r.l.<\/p>\n<p>&nbsp;<\/p>\n<p><strong>Base giuridica del trattamento<\/strong><\/p>\n<p>Peep Arrow Entertainment S.r.l tratta Dati Personali relativi all\u2019interessato in caso sussista una delle seguenti condizioni:<\/p>\n<ul>\n<li>il trattamento \u00e8 necessario all&#8217;esecuzione di un contratto con l\u2019 interessato e\/o all&#8217;esecuzione di misure precontrattuali;<\/li>\n<li>il trattamento \u00e8 necessario per adempiere un obbligo legale al quale \u00e8 soggetto Peep Arrow Entertainment S.r.l;<\/li>\n<li>il trattamento \u00e8 necessario per l&#8217;esecuzione di un compito di interesse pubblico o per l&#8217;esercizio di pubblici poteri di cui \u00e8 investito Peep Arrow Entertainment S.r.l;<\/li>\n<li>il trattamento \u00e8 necessario per il perseguimento del legittimo interesse di Peep Arrow Entertainment S.r.l o di terzi.<\/li>\n<\/ul>\n<p><strong>Luogo<\/strong><\/p>\n<p>I Dati sono trattati presso la sede operative di Peep Arrow Entertainment S.r.l ed in ogni altro luogo in cui le parti coinvolte nel trattamento siano localizzate. Per ulteriori informazioni l\u2019 interessato potr\u00e0 contattare Peep Arrow Entertainment S.r.l .<br \/>\nI Dati Personali dell\u2019interessato potrebbero essere trasferiti in un paese diverso da quello in cui l\u2019interessato si trova. Per ottenere ulteriori informazioni sul luogo del trattamento l\u2019interessato pu\u00f2 fare riferimento alla sezione relativa ai dettagli sul trattamento dei Dati Personali.<\/p>\n<p>L\u2019interessato ha diritto a ottenere informazioni in merito alla base giuridica del trasferimento di Dati al di fuori dell\u2019Unione Europea (Capo V, Art 44 del GDPR \u201cTrasferimenti di dati personali verso paesi terzi o organizzazioni internazionali\u201d ) .<\/p>\n<p>Qualora abbia luogo uno dei trasferimenti appena descritti, l\u2019Utente pu\u00f2 fare riferimento alle rispettive sezioni di questo documento o chiedere informazioni a Peep Arrow Entertainment S.r.l contattandolo agli estremi riportati in apertura.<\/p>\n<p><strong>Periodo di conservazione<\/strong><\/p>\n<p>I Dati sono trattati e conservati per il tempo richiesto dalle finalit\u00e0 per le quali sono stati raccolti.<\/p>\n<p>Pertanto:<\/p>\n<ul>\n<li>I Dati Personali raccolti per scopi collegati all\u2019esecuzione di un contratto tra Peep Arrow Entertainment S.r.l e l\u2019interessato saranno trattenuti sino a quando sia completata l\u2019esecuzione di tale contratto.<\/li>\n<li>I Dati Personali raccolti per finalit\u00e0 riconducibili all\u2019interesse legittimo di Peep Arrow Entertainment S.r.l saranno trattenuti sino al soddisfacimento di tale interesse. L\u2019interessato pu\u00f2 ottenere ulteriori informazioni in merito all\u2019interesse legittimo perseguito da Peep Arrow Entertainment S.r.l .Quando il trattamento \u00e8 basato sul consenso dell\u2019interessato, Peep Arrow Entertainment S.r.l pu\u00f2 conservare i Dati Personali pi\u00f9 a lungo sino a quando detto consenso non venga revocato.<\/li>\n<\/ul>\n<p>Inoltre Peep Arrow Entertainment S.r.l potrebbe essere obbligato a conservare i Dati Personali per un periodo pi\u00f9 lungo in ottemperanza ad un obbligo di legge o per ordine di un\u2019autorit\u00e0 (per un massimo di 10 anni).<\/p>\n<p>Al termine del periodo di conservazioni i Dati Personali saranno cancellati. Pertanto, allo spirare di tale termine il diritto di accesso, cancellazione, rettificazione ed il diritto alla portabilit\u00e0 dei Dati non potranno pi\u00f9 essere esercitati.<\/p>\n<p><strong>Finalit\u00e0 del Trattamento dei Dati raccolti<\/strong><\/p>\n<p>I Dati dell\u2019interessato sono raccolti per consentire a Peep Arrow Entertainment S.r.l \u00a0di fornire i propri Servizi.<\/p>\n<p>Per ottenere ulteriori informazioni dettagliate sulle finalit\u00e0 del trattamento e sui Dati Personali concretamente rilevanti per ciascuna finalit\u00e0, l\u2019interessato pu\u00f2 fare riferimento a Peep Arrow Entertainment S.r.l.<\/p>\n<p><strong>Diritti dell\u2019Interessato<\/strong><\/p>\n<p>Gli interessati possono esercitare determinati diritti con riferimento ai Dati trattati da Peep Arrow Entertainment S.r.l<\/p>\n<p>In particolare, l\u2019interessato ha il diritto di:<\/p>\n<ul>\n<li><strong>revocare il consenso in ogni momento.<\/strong>L\u2019interessato pu\u00f2 revocare il consenso al trattamento dei propri Dati Personali precedentemente espresso.<\/li>\n<li><strong>opporsi al trattamento dei propri Dati.<\/strong>L\u2019interessato pu\u00f2 opporsi al trattamento dei propri Dati quando esso avviene su una base giuridica diversa dal consenso.<\/li>\n<li><strong>accedere ai propri Dati.<\/strong>L\u2019interessato ha diritto ad ottenere informazioni sui Dati trattati da Peep Arrow Entertainment S.r.l. , su detereminati aspetti del trattamento ed a ricevere una copia dei Dati trattati.<\/li>\n<li><strong>verificare e chiedere la rettificazione.<\/strong>L\u2019interessato pu\u00f2 verificare la correttezza dei propri Dati e richiederne l\u2019aggiornamento o la correzione.<\/li>\n<li><strong>ottenere la limitazione del trattamento.<\/strong>Quando ricorrono determinate condizioni, l\u2019interessato pu\u00f2 richiedere la limitazione del trattamento dei propri Dati. In tal caso Peep Arrow Entertainment S.r.l. non tratter\u00e0 i Dati per alcun altro scopo se non la loro conservazione.<\/li>\n<li><strong>ottenere la cancellazione o rimozione dei propri Dati Personali.<\/strong>Quando ricorrono determinate condizioni, l\u2019interessato pu\u00f2 richiedere la cancellazione dei propri Dati da parte di Peep Arrow Entertainment S.r.l.<\/li>\n<li><strong>ricevere i propri Dati o farli trasferire ad altro titolare.<\/strong>L\u2019interessato ha diritto di ricevere i propri Dati in formato strutturato, di uso comune e leggibile da dispositivo automatico e, ove tecnicamente fattibile, di ottenerne il trasferimento senza ostacoli ad un altro titolare. Questa disposizione \u00e8 applicabile quando i Dati sono trattati con strumenti automatizzati ed il trattamento \u00e8 basato sul consenso dell\u2019interessato, su un contratto di cui l\u2019interessato \u00e8 parte o su misure contrattuali ad esso connesse.<\/li>\n<li><strong>proporre reclamo.<\/strong>L\u2019interessato pu\u00f2 proporre un reclamo all\u2019autorit\u00e0 di controllo della protezione dei dati personali competente o agire in sede giudiziale.<\/li>\n<\/ul>\n<p><strong>Dettagli sul diritto di opposizione<\/strong><\/p>\n<p>L&#8217;interessato ha il diritto di opporsi in qualsiasi momento, per motivi connessi alla sua situazione particolare, al trattamento dei dati personali che lo riguardano.Peep Arrow Entertainment S.r.l si astiene dal trattare ulteriormente i dati personali salvo che egli dimostri l&#8217;esistenza di motivi legittimi cogenti per procedere al trattamento che prevalgono sugli interessi, sui diritti e sulle libert\u00e0 dell&#8217;interessato oppure per l&#8217;accertamento, l&#8217;esercizio o la difesa di un diritto in sede giudiziaria.<\/p>\n<p><strong>Come esercitare i diritti<\/strong><\/p>\n<p>Per esercitare i diritti gli interessati possono indirizzare una richiesta agli estremi di contatto di Peep Arrow Entertainment S.r.l indicati in questo documento. Le richieste sono depositate a titolo gratuito e evase dal Titolare nel pi\u00f9 breve tempo possibile, in ogni caso entro un mese.<\/p>\n<p>&nbsp;<\/p>\n<p><strong>Ulteriori informazioni sul trattamento<\/strong><\/p>\n<p><strong>Difesa in giudizio<\/strong><\/p>\n<p>I Dati Personali dell\u2019Interessato possono essere utilizzati da parte di Peep Arrow Entertainment S.r.l in giudizio o nelle fasi preparatorie alla sua eventuale instaurazione per la difesa da abusi nell&#8217;utilizzo di questa Applicazione o dei Servizi connessi da parte dell\u2019interessato.<br \/>\nL\u2019 interessato dichiara di essere consapevole che Peep Arrow Entertainment S.r.l potrebbe essere obbligato a rivelare i Dati per ordine delle autorit\u00e0 pubbliche.<\/p>\n<p><strong>Informative specifiche<\/strong><\/p>\n<p>Su richiesta dell\u2019interessato, in aggiunta alle informazioni contenute in questa privacy policy, questa Applicazione potrebbe fornire all&#8217; interessato delle informative aggiuntive e contestuali riguardanti Servizi specifici circa la raccolta ed il trattamento di Dati Personali.<\/p>\n<p><strong>Log di sistema e manutenzione<\/strong><\/p>\n<p>Per necessit\u00e0 legate al funzionamento ed alla manutenzione, questa Applicazione e gli eventuali servizi terzi da essa utilizzati potrebbero raccogliere Log di sistema, ossia file che registrano le interazioni e che possono contenere anche Dati Personali, quali l\u2019indirizzo IP Utente.<\/p>\n<p><strong>Informazioni non contenute in questa policy<\/strong><\/p>\n<p>Ulteriori informazioni in relazione al trattamento dei Dati Personali potranno essere richieste in qualsiasi momento a Peep Arrow Entertainment S.r.l utilizzando gli estremi di contatto.<\/p>\n<p><strong>Risposta alle richieste \u201cDo Not Track\u201d<\/strong><\/p>\n<p>Questa Applicazione non supporta le richieste \u201cDo Not Track\u201d.<br \/>\nPer scoprire se gli eventuali servizi di terze parti utilizzati le supportino, l&#8217;interessato \u00e8 invitato a consultare le rispettive privacy policy.<\/p>\n<p><strong>Modifiche a questa privacy policy<\/strong><\/p>\n<p>Il Titolare del Trattamento si riserva il diritto di apportare modifiche alla presente privacy policy in qualunque momento dandone informazione agli Utenti su questa pagina. Si prega dunque di consultare regolarmente questa pagina, facendo riferimento alla data di ultima modifica indicata in fondo.<\/p>\n<p>&nbsp;<\/p>\n<p>Qualora le modifiche interessino trattamenti la cui base giuridica \u00e8 il consenso, Peep Arrow Entertainment S.r.l provveder\u00e0 a raccogliere nuovamente il consenso dell\u2019interessato, se necessario.<\/p>\n<p><strong>Definizioni e riferimenti legali<\/strong><\/p>\n<p>Regolamento UE 679\/2016, D.LGSL 196\/2003.<\/p>\n<p>&nbsp;<\/p>\n<p>Peep Arrow Entertainment S.r.l<\/p>\n","protected":false},"excerpt":{"rendered":"<p>Privacy Policy di\u00a0Peep Arrow Entertainment S.r.l Titolare del Trattamento dei Dati Peep Arrow Entertainment S.r.l Piazzale Clodio, 13, 00195 Roma Telefono: 06 39745568\u00a0 \u00a0Partita Iva :09125281007 Indirizzo email del Titolare:\u00a0peeparrow@pec.it &nbsp; Tipologie di Dati raccolti Fra i Dati Personali raccolti da questa Applicazione, in modo autonomo o tramite terze parti, ci sono: Cookie e Dati&hellip;<\/p>\n","protected":false},"author":3,"featured_media":0,"parent":0,"menu_order":0,"comment_status":"closed","ping_status":"closed","template":"","meta":{"footnotes":""},"class_list":["post-951","page","type-page","status-publish","hentry","description-off"],"_links":{"self":[{"href":"https:\/\/jcs.jesuschristsuperstar.it\/en\/wp-json\/wp\/v2\/pages\/951","targetHints":{"allow":["GET"]}}],"collection":[{"href":"https:\/\/jcs.jesuschristsuperstar.it\/en\/wp-json\/wp\/v2\/pages"}],"about":[{"href":"https:\/\/jcs.jesuschristsuperstar.it\/en\/wp-json\/wp\/v2\/types\/page"}],"author":[{"embeddable":true,"href":"https:\/\/jcs.jesuschristsuperstar.it\/en\/wp-json\/wp\/v2\/users\/3"}],"replies":[{"embeddable":true,"href":"https:\/\/jcs.jesuschristsuperstar.it\/en\/wp-json\/wp\/v2\/comments?post=951"}],"version-history":[{"count":1,"href":"https:\/\/jcs.jesuschristsuperstar.it\/en\/wp-json\/wp\/v2\/pages\/951\/revisions"}],"predecessor-version":[{"id":952,"href":"https:\/\/jcs.jesuschristsuperstar.it\/en\/wp-json\/wp\/v2\/pages\/951\/revisions\/952"}],"wp:attachment":[{"href":"https:\/\/jcs.jesuschristsuperstar.it\/en\/wp-json\/wp\/v2\/media?parent=951"}],"curies":[{"name":"wp","href":"https:\/\/api.w.org\/{rel}","templated":true}]}}